{"id":32,"date":"2018-05-17T09:12:19","date_gmt":"2018-05-17T07:12:19","guid":{"rendered":"http:\/\/bymanden.dk\/?page_id=32"},"modified":"2024-10-27T01:01:23","modified_gmt":"2024-10-26T23:01:23","slug":"bymandens-blaekhus","status":"publish","type":"page","link":"http:\/\/bymanden.dk\/","title":{"rendered":"Bymandens Bl\u00e6khus"},"content":{"rendered":"<p><img loading=\"lazy\" decoding=\"async\" class=\"alignnone size-medium wp-image-7\" src=\"http:\/\/bymanden.dk\/wp-content\/uploads\/2018\/05\/IMG_1278-300x225.jpg\" alt=\"\" width=\"300\" height=\"225\" srcset=\"http:\/\/bymanden.dk\/wp-content\/uploads\/2018\/05\/IMG_1278-300x225.jpg 300w, http:\/\/bymanden.dk\/wp-content\/uploads\/2018\/05\/IMG_1278-768x576.jpg 768w, http:\/\/bymanden.dk\/wp-content\/uploads\/2018\/05\/IMG_1278-1024x768.jpg 1024w\" sizes=\"auto, (max-width: 300px) 100vw, 300px\" \/><\/p>\n<p>Velkommen i Bymandens lille verden, der for den opm\u00e6rksomme g\u00e6st skal vide sig ud til noget st\u00f8rre.<\/p>\n<p>Bymanden skal som en erfaren lokaljournalist gerne v\u00e6re v\u00e6rd at g\u00e6ste. 40 \u00e5r med Viborg p\u00e5 hjernen forpligter. Bl\u00e6khuset er fyldt med alt det, lokalsamfundet har givet, og nu skal der gives igen.<\/p>\n<p>Bym\u00e6nds Ris hed engang en lille skov, som bispen og byen ejede. Den ligger sydvest for Viborg og hedder i dag Viborg Krat. Bym\u00e6ndene var dog slemme til bare at hugge uden at give tilbage, og skoven svandt hen. N\u00e6rv\u00e6rende Bymand forst\u00e5r at fare med lempe. For meget og for lidt ford\u00e6rver alt.<\/p>\n<p>En bymand er ikke bare et muldent ord for en mand, der bor i byen. &#8220;Medborger&#8221; og &#8220;bysbarn&#8221; giver det fylde.<\/p>\n<p>P\u00e5 hjemmesiden byder Bymanden p\u00e5 lidt af hvert. Mest af historisk og sm\u00e5funderende art, men sprogligheder kan sagtens snige sig ind. Den, der fornemmer en humoristisk tone, er godt p\u00e5 vej.<\/p>\n<p>God forn\u00f8jelse.<\/p>\n<p><em>Bymanden<\/em><\/p>\n<p>Kontakt:<\/p>\n<p>71727594<\/p>\n<p>jesper_overgaard@msn.com<\/p>\n<p>&nbsp;<\/p>\n","protected":false},"excerpt":{"rendered":"<p>Velkommen i Bymandens lille verden, der for den opm\u00e6rksomme g\u00e6st skal vide sig ud til noget st\u00f8rre. Bymanden skal som en erfaren lokaljournalist gerne v\u00e6re v\u00e6rd at g\u00e6ste. 40 \u00e5r med Viborg p\u00e5 hjernen forpligter. Bl\u00e6khuset er fyldt med alt det, lokalsamfundet har givet, og nu skal der gives igen. Bym\u00e6nds Ris hed engang en &hellip; <a href=\"http:\/\/bymanden.dk\/\" class=\"more-link\">L\u00e6s mere <span class=\"screen-reader-text\">Bymandens Bl\u00e6khus<\/span><\/a><\/p>\n","protected":false},"author":1,"featured_media":0,"parent":0,"menu_order":0,"comment_status":"closed","ping_status":"closed","template":"","meta":{"footnotes":""},"class_list":["post-32","page","type-page","status-publish","hentry"],"_links":{"self":[{"href":"http:\/\/bymanden.dk\/index.php?rest_route=\/wp\/v2\/pages\/32","targetHints":{"allow":["GET"]}}],"collection":[{"href":"http:\/\/bymanden.dk\/index.php?rest_route=\/wp\/v2\/pages"}],"about":[{"href":"http:\/\/bymanden.dk\/index.php?rest_route=\/wp\/v2\/types\/page"}],"author":[{"embeddable":true,"href":"http:\/\/bymanden.dk\/index.php?rest_route=\/wp\/v2\/users\/1"}],"replies":[{"embeddable":true,"href":"http:\/\/bymanden.dk\/index.php?rest_route=%2Fwp%2Fv2%2Fcomments&post=32"}],"version-history":[{"count":1,"href":"http:\/\/bymanden.dk\/index.php?rest_route=\/wp\/v2\/pages\/32\/revisions"}],"predecessor-version":[{"id":1768,"href":"http:\/\/bymanden.dk\/index.php?rest_route=\/wp\/v2\/pages\/32\/revisions\/1768"}],"wp:attachment":[{"href":"http:\/\/bymanden.dk\/index.php?rest_route=%2Fwp%2Fv2%2Fmedia&parent=32"}],"curies":[{"name":"wp","href":"https:\/\/api.w.org\/{rel}","templated":true}]}}